{"id":9,"date":"2020-12-21T07:38:58","date_gmt":"2020-12-21T06:38:58","guid":{"rendered":"http:\/\/lacroixvercors.fr\/?page_id=9"},"modified":"2025-10-17T17:54:01","modified_gmt":"2025-10-17T16:54:01","slug":"home","status":"publish","type":"page","link":"https:\/\/lacroixvercors.fr\/","title":{"rendered":""},"content":{"rendered":"\n<div class=\"wp-block-cover alignfull\" style=\"min-height:750px;aspect-ratio:unset;\"><img fetchpriority=\"high\" decoding=\"async\" width=\"2048\" height=\"1152\" class=\"wp-block-cover__image-background wp-image-888\" alt=\"Lans hiver\" src=\"http:\/\/lacroixvercors.fr\/wp-content\/uploads\/2022\/06\/Lans-Hiver.jpg\" data-object-fit=\"cover\" srcset=\"https:\/\/lacroixvercors.fr\/wp-content\/uploads\/2022\/06\/Lans-Hiver.jpg 2048w, https:\/\/lacroixvercors.fr\/wp-content\/uploads\/2022\/06\/Lans-Hiver-300x169.jpg 300w, https:\/\/lacroixvercors.fr\/wp-content\/uploads\/2022\/06\/Lans-Hiver-1024x576.jpg 1024w, https:\/\/lacroixvercors.fr\/wp-content\/uploads\/2022\/06\/Lans-Hiver-768x432.jpg 768w, https:\/\/lacroixvercors.fr\/wp-content\/uploads\/2022\/06\/Lans-Hiver-1536x864.jpg 1536w\" sizes=\"(max-width: 2048px) 100vw, 2048px\" \/><span aria-hidden=\"true\" class=\"wp-block-cover__background has-background-dim-20 has-background-dim\" style=\"background-color:#000000\"><\/span><div class=\"wp-block-cover__inner-container is-layout-flow wp-block-cover-is-layout-flow\">\n<h3 class=\"wp-block-heading has-text-align-center has-text-color\" style=\"color:#ffffff\">Votre g\u00eete \u00e0 la montagne<\/h3>\n\n\n\n<hr class=\"wp-block-separator has-text-color has-css-opacity has-background aligncenter\" style=\"background-color:#ffffff;color:#ffffff\"\/>\n\n\n\n<h1 class=\"wp-block-heading has-text-align-center has-text-color\" style=\"color:#ffffff\"><mark style=\"background-color:rgba(0, 0, 0, 0)\" class=\"has-inline-color has-ast-global-color-8-color\">Le G\u00eete de la Croix-Vercors<\/mark><\/h1>\n<\/div><\/div>\n\n\n\n<div class=\"wp-block-group alignfull has-ast-global-color-4-background-color has-background is-layout-flow wp-block-group-is-layout-flow\">\n<p class=\"has-text-align-center has-medium-font-size\">Situ\u00e9 dans le Parc Naturel du Vercors, le g\u00eete de la Croix-Vercors vous accueille tout au long de l&rsquo;ann\u00e9e.<\/p>\n<\/div>\n\n\n\n<div class=\"wp-block-group alignfull has-ast-global-color-5-background-color has-background is-layout-flow wp-block-group-is-layout-flow\">\n<div class=\"wp-block-group alignfull has-white-background-color has-background is-layout-flow wp-block-group-is-layout-flow\">\n<div class=\"wp-block-columns alignwide are-vertically-aligned-center is-layout-flex wp-container-core-columns-is-layout-28f84493 wp-block-columns-is-layout-flex\">\n<div class=\"wp-block-column is-vertically-aligned-center is-layout-flow wp-block-column-is-layout-flow\" style=\"flex-basis:33.33%\">\n<h2 class=\"wp-block-heading has-x-large-font-size\" id=\"galerie\">La galerie<\/h2>\n<\/div>\n\n\n\n<div class=\"wp-block-column is-vertically-aligned-center is-layout-flow wp-block-column-is-layout-flow\" style=\"flex-basis:66.66%\">\n<figure class=\"wp-block-gallery has-nested-images columns-2 wp-block-gallery-1 is-layout-flex wp-block-gallery-is-layout-flex\">\n<figure class=\"wp-block-image size-large\"><img decoding=\"async\" width=\"1024\" height=\"768\" data-id=\"881\" src=\"http:\/\/lacroixvercors.fr\/wp-content\/uploads\/2022\/06\/salon4-1024x768.jpg\" alt=\"salon\" class=\"wp-image-881\" srcset=\"https:\/\/lacroixvercors.fr\/wp-content\/uploads\/2022\/06\/salon4-1024x768.jpg 1024w, https:\/\/lacroixvercors.fr\/wp-content\/uploads\/2022\/06\/salon4-300x225.jpg 300w, https:\/\/lacroixvercors.fr\/wp-content\/uploads\/2022\/06\/salon4-768x576.jpg 768w, https:\/\/lacroixvercors.fr\/wp-content\/uploads\/2022\/06\/salon4-1536x1152.jpg 1536w, https:\/\/lacroixvercors.fr\/wp-content\/uploads\/2022\/06\/salon4.jpg 2016w\" sizes=\"(max-width: 1024px) 100vw, 1024px\" \/><\/figure>\n\n\n\n<figure class=\"wp-block-image size-large\"><img decoding=\"async\" width=\"1024\" height=\"768\" data-id=\"884\" src=\"http:\/\/lacroixvercors.fr\/wp-content\/uploads\/2022\/06\/salon5-1024x768.jpg\" alt=\"salon\" class=\"wp-image-884\" srcset=\"https:\/\/lacroixvercors.fr\/wp-content\/uploads\/2022\/06\/salon5-1024x768.jpg 1024w, https:\/\/lacroixvercors.fr\/wp-content\/uploads\/2022\/06\/salon5-300x225.jpg 300w, https:\/\/lacroixvercors.fr\/wp-content\/uploads\/2022\/06\/salon5-768x576.jpg 768w, https:\/\/lacroixvercors.fr\/wp-content\/uploads\/2022\/06\/salon5-1536x1152.jpg 1536w, https:\/\/lacroixvercors.fr\/wp-content\/uploads\/2022\/06\/salon5.jpg 2016w\" sizes=\"(max-width: 1024px) 100vw, 1024px\" \/><\/figure>\n\n\n\n<figure class=\"wp-block-image size-large\"><img loading=\"lazy\" decoding=\"async\" width=\"1024\" height=\"768\" data-id=\"846\" src=\"http:\/\/lacroixvercors.fr\/wp-content\/uploads\/2021\/12\/IMG_05721-1024x768.jpg\" alt=\"cuisine\" class=\"wp-image-846\" srcset=\"https:\/\/lacroixvercors.fr\/wp-content\/uploads\/2021\/12\/IMG_05721-1024x768.jpg 1024w, https:\/\/lacroixvercors.fr\/wp-content\/uploads\/2021\/12\/IMG_05721-300x225.jpg 300w, https:\/\/lacroixvercors.fr\/wp-content\/uploads\/2021\/12\/IMG_05721-768x576.jpg 768w, https:\/\/lacroixvercors.fr\/wp-content\/uploads\/2021\/12\/IMG_05721-1536x1152.jpg 1536w, https:\/\/lacroixvercors.fr\/wp-content\/uploads\/2021\/12\/IMG_05721.jpg 1600w\" sizes=\"(max-width: 1024px) 100vw, 1024px\" \/><\/figure>\n<\/figure>\n\n\n\n<figure class=\"wp-block-gallery has-nested-images columns-2 wp-block-gallery-2 is-layout-flex wp-block-gallery-is-layout-flex\">\n<figure class=\"wp-block-image size-large\"><img loading=\"lazy\" decoding=\"async\" width=\"1024\" height=\"768\" data-id=\"879\" src=\"http:\/\/lacroixvercors.fr\/wp-content\/uploads\/2022\/06\/chambre3-1024x768.jpg\" alt=\"chambre lit 140\" class=\"wp-image-879\" srcset=\"https:\/\/lacroixvercors.fr\/wp-content\/uploads\/2022\/06\/chambre3-1024x768.jpg 1024w, https:\/\/lacroixvercors.fr\/wp-content\/uploads\/2022\/06\/chambre3-300x225.jpg 300w, https:\/\/lacroixvercors.fr\/wp-content\/uploads\/2022\/06\/chambre3-768x576.jpg 768w, https:\/\/lacroixvercors.fr\/wp-content\/uploads\/2022\/06\/chambre3-1536x1152.jpg 1536w, https:\/\/lacroixvercors.fr\/wp-content\/uploads\/2022\/06\/chambre3.jpg 2016w\" sizes=\"(max-width: 1024px) 100vw, 1024px\" \/><\/figure>\n\n\n\n<figure class=\"wp-block-image size-large\"><img loading=\"lazy\" decoding=\"async\" width=\"1024\" height=\"768\" data-id=\"880\" src=\"http:\/\/lacroixvercors.fr\/wp-content\/uploads\/2022\/06\/chambre2-1024x768.jpg\" alt=\"chambre lit 160\" class=\"wp-image-880\" srcset=\"https:\/\/lacroixvercors.fr\/wp-content\/uploads\/2022\/06\/chambre2-1024x768.jpg 1024w, https:\/\/lacroixvercors.fr\/wp-content\/uploads\/2022\/06\/chambre2-300x225.jpg 300w, https:\/\/lacroixvercors.fr\/wp-content\/uploads\/2022\/06\/chambre2-768x576.jpg 768w, https:\/\/lacroixvercors.fr\/wp-content\/uploads\/2022\/06\/chambre2-1536x1152.jpg 1536w, https:\/\/lacroixvercors.fr\/wp-content\/uploads\/2022\/06\/chambre2.jpg 2016w\" sizes=\"(max-width: 1024px) 100vw, 1024px\" \/><\/figure>\n\n\n\n<figure class=\"wp-block-image size-large\"><img loading=\"lazy\" decoding=\"async\" width=\"1024\" height=\"768\" data-id=\"877\" src=\"http:\/\/lacroixvercors.fr\/wp-content\/uploads\/2022\/06\/chambre1-1024x768.jpg\" alt=\"chambre lits jumeaux\" class=\"wp-image-877\" srcset=\"https:\/\/lacroixvercors.fr\/wp-content\/uploads\/2022\/06\/chambre1-1024x768.jpg 1024w, https:\/\/lacroixvercors.fr\/wp-content\/uploads\/2022\/06\/chambre1-300x225.jpg 300w, https:\/\/lacroixvercors.fr\/wp-content\/uploads\/2022\/06\/chambre1-768x576.jpg 768w, https:\/\/lacroixvercors.fr\/wp-content\/uploads\/2022\/06\/chambre1-1536x1152.jpg 1536w, https:\/\/lacroixvercors.fr\/wp-content\/uploads\/2022\/06\/chambre1.jpg 2016w\" sizes=\"(max-width: 1024px) 100vw, 1024px\" \/><\/figure>\n\n\n\n<figure class=\"wp-block-image size-large\"><img loading=\"lazy\" decoding=\"async\" width=\"1024\" height=\"768\" data-id=\"878\" src=\"http:\/\/lacroixvercors.fr\/wp-content\/uploads\/2022\/06\/chambre4-1024x768.jpg\" alt=\"chambre familiale\" class=\"wp-image-878\" srcset=\"https:\/\/lacroixvercors.fr\/wp-content\/uploads\/2022\/06\/chambre4-1024x768.jpg 1024w, https:\/\/lacroixvercors.fr\/wp-content\/uploads\/2022\/06\/chambre4-300x225.jpg 300w, https:\/\/lacroixvercors.fr\/wp-content\/uploads\/2022\/06\/chambre4-768x576.jpg 768w, https:\/\/lacroixvercors.fr\/wp-content\/uploads\/2022\/06\/chambre4-1536x1152.jpg 1536w, https:\/\/lacroixvercors.fr\/wp-content\/uploads\/2022\/06\/chambre4.jpg 2016w\" sizes=\"(max-width: 1024px) 100vw, 1024px\" \/><\/figure>\n<\/figure>\n\n\n\n<figure class=\"wp-block-gallery has-nested-images columns-2 wp-block-gallery-3 is-layout-flex wp-block-gallery-is-layout-flex\">\n<figure class=\"wp-block-image size-large\"><img loading=\"lazy\" decoding=\"async\" width=\"1024\" height=\"768\" data-id=\"889\" src=\"http:\/\/lacroixvercors.fr\/wp-content\/uploads\/2022\/06\/salle-deau-1024x768.jpg\" alt=\"salle de bain\" class=\"wp-image-889\" srcset=\"https:\/\/lacroixvercors.fr\/wp-content\/uploads\/2022\/06\/salle-deau-1024x768.jpg 1024w, https:\/\/lacroixvercors.fr\/wp-content\/uploads\/2022\/06\/salle-deau-300x225.jpg 300w, https:\/\/lacroixvercors.fr\/wp-content\/uploads\/2022\/06\/salle-deau-768x576.jpg 768w, https:\/\/lacroixvercors.fr\/wp-content\/uploads\/2022\/06\/salle-deau-1536x1152.jpg 1536w, https:\/\/lacroixvercors.fr\/wp-content\/uploads\/2022\/06\/salle-deau.jpg 2016w\" sizes=\"(max-width: 1024px) 100vw, 1024px\" \/><\/figure>\n\n\n\n<figure class=\"wp-block-image size-large\"><img loading=\"lazy\" decoding=\"async\" width=\"1024\" height=\"768\" data-id=\"882\" src=\"http:\/\/lacroixvercors.fr\/wp-content\/uploads\/2022\/06\/sdb-1024x768.jpg\" alt=\"salle d'eau\" class=\"wp-image-882\" srcset=\"https:\/\/lacroixvercors.fr\/wp-content\/uploads\/2022\/06\/sdb-1024x768.jpg 1024w, https:\/\/lacroixvercors.fr\/wp-content\/uploads\/2022\/06\/sdb-300x225.jpg 300w, https:\/\/lacroixvercors.fr\/wp-content\/uploads\/2022\/06\/sdb-768x576.jpg 768w, https:\/\/lacroixvercors.fr\/wp-content\/uploads\/2022\/06\/sdb-1536x1152.jpg 1536w, https:\/\/lacroixvercors.fr\/wp-content\/uploads\/2022\/06\/sdb.jpg 2016w\" sizes=\"(max-width: 1024px) 100vw, 1024px\" \/><\/figure>\n<\/figure>\n<\/div>\n\n\n\n<div class=\"wp-block-column is-layout-flow wp-block-column-is-layout-flow\">\n<div class=\"wp-block-group is-layout-flow wp-block-group-is-layout-flow\">\n<div class=\"wp-block-buttons is-horizontal is-content-justification-center is-layout-flex wp-container-core-buttons-is-layout-03627597 wp-block-buttons-is-layout-flex\"><\/div>\n<\/div>\n<\/div>\n<\/div>\n<\/div>\n<\/div>\n\n\n\n<div class=\"inherit-container-width wp-block-group alignfull is-layout-constrained wp-block-group-is-layout-constrained\">\n<div class=\"wp-block-columns alignwide are-vertically-aligned-center has-ast-global-color-6-background-color has-background is-layout-flex wp-container-core-columns-is-layout-28f84493 wp-block-columns-is-layout-flex\">\n<div class=\"wp-block-column is-vertically-aligned-center is-layout-flow wp-block-column-is-layout-flow\" style=\"flex-basis:50%\">\n<figure class=\"wp-block-gallery has-nested-images columns-2 wp-block-gallery-4 is-layout-flex wp-block-gallery-is-layout-flex\">\n<figure class=\"wp-block-image size-large\"><img loading=\"lazy\" decoding=\"async\" width=\"1024\" height=\"768\" data-id=\"883\" src=\"http:\/\/lacroixvercors.fr\/wp-content\/uploads\/2022\/06\/vercors-hiver-1024x768.jpg\" alt=\"hiver\" class=\"wp-image-883\" srcset=\"https:\/\/lacroixvercors.fr\/wp-content\/uploads\/2022\/06\/vercors-hiver-1024x768.jpg 1024w, https:\/\/lacroixvercors.fr\/wp-content\/uploads\/2022\/06\/vercors-hiver-300x225.jpg 300w, https:\/\/lacroixvercors.fr\/wp-content\/uploads\/2022\/06\/vercors-hiver-768x576.jpg 768w, https:\/\/lacroixvercors.fr\/wp-content\/uploads\/2022\/06\/vercors-hiver-1536x1152.jpg 1536w, https:\/\/lacroixvercors.fr\/wp-content\/uploads\/2022\/06\/vercors-hiver.jpg 2016w\" sizes=\"(max-width: 1024px) 100vw, 1024px\" \/><\/figure>\n\n\n\n<figure class=\"wp-block-image size-large\"><img loading=\"lazy\" decoding=\"async\" width=\"1024\" height=\"768\" data-id=\"900\" src=\"http:\/\/lacroixvercors.fr\/wp-content\/uploads\/2022\/06\/exterieur2-edited-3-1024x768.jpg\" alt=\"printemps\" class=\"wp-image-900\" srcset=\"https:\/\/lacroixvercors.fr\/wp-content\/uploads\/2022\/06\/exterieur2-edited-3-1024x768.jpg 1024w, https:\/\/lacroixvercors.fr\/wp-content\/uploads\/2022\/06\/exterieur2-edited-3-300x225.jpg 300w, https:\/\/lacroixvercors.fr\/wp-content\/uploads\/2022\/06\/exterieur2-edited-3-768x576.jpg 768w, https:\/\/lacroixvercors.fr\/wp-content\/uploads\/2022\/06\/exterieur2-edited-3.jpg 1373w\" sizes=\"(max-width: 1024px) 100vw, 1024px\" \/><\/figure>\n\n\n\n<figure class=\"wp-block-image size-full\"><img loading=\"lazy\" decoding=\"async\" width=\"900\" height=\"680\" data-id=\"832\" src=\"http:\/\/lacroixvercors.fr\/wp-content\/uploads\/2021\/12\/IMG-20210217-WA00002-1.jpg\" alt=\"automne\" class=\"wp-image-832\" srcset=\"https:\/\/lacroixvercors.fr\/wp-content\/uploads\/2021\/12\/IMG-20210217-WA00002-1.jpg 900w, https:\/\/lacroixvercors.fr\/wp-content\/uploads\/2021\/12\/IMG-20210217-WA00002-1-300x227.jpg 300w, https:\/\/lacroixvercors.fr\/wp-content\/uploads\/2021\/12\/IMG-20210217-WA00002-1-768x580.jpg 768w\" sizes=\"(max-width: 900px) 100vw, 900px\" \/><\/figure>\n\n\n\n<figure class=\"wp-block-image size-large\"><img loading=\"lazy\" decoding=\"async\" width=\"1024\" height=\"768\" data-id=\"904\" src=\"http:\/\/lacroixvercors.fr\/wp-content\/uploads\/2022\/06\/vercors-printemps-1-1024x768.jpg\" alt=\"\u00e9t\u00e9\" class=\"wp-image-904\" srcset=\"https:\/\/lacroixvercors.fr\/wp-content\/uploads\/2022\/06\/vercors-printemps-1-1024x768.jpg 1024w, https:\/\/lacroixvercors.fr\/wp-content\/uploads\/2022\/06\/vercors-printemps-1-300x225.jpg 300w, https:\/\/lacroixvercors.fr\/wp-content\/uploads\/2022\/06\/vercors-printemps-1-768x576.jpg 768w, https:\/\/lacroixvercors.fr\/wp-content\/uploads\/2022\/06\/vercors-printemps-1-1536x1152.jpg 1536w, https:\/\/lacroixvercors.fr\/wp-content\/uploads\/2022\/06\/vercors-printemps-1.jpg 2016w\" sizes=\"(max-width: 1024px) 100vw, 1024px\" \/><\/figure>\n<\/figure>\n<\/div>\n\n\n\n<div class=\"wp-block-column is-vertically-aligned-center is-layout-flow wp-block-column-is-layout-flow\" style=\"flex-basis:50%\">\n<h2 class=\"wp-block-heading has-ast-global-color-2-color has-text-color\" style=\"font-size:80px\">Le Vercors des 4 saisons<\/h2>\n<\/div>\n<\/div>\n<\/div>\n\n\n\n<p><\/p>\n\n\n\n<div class=\"inherit-container-width wp-block-group alignfull has-ast-global-color-4-background-color has-background is-layout-constrained wp-block-group-is-layout-constrained\" id=\"liens\">\n<h2 class=\"wp-block-heading has-text-align-center\" id=\"liens\" style=\"font-size:60px\">Liens utiles<\/h2>\n\n\n\n<div class=\"wp-block-columns alignwide is-layout-flex wp-container-core-columns-is-layout-28f84493 wp-block-columns-is-layout-flex\">\n<div class=\"wp-block-column has-ast-global-color-6-background-color has-background is-layout-flow wp-block-column-is-layout-flow\">\n<div class=\"inherit-container-width wp-block-group is-layout-constrained wp-block-group-is-layout-constrained\">\n<h3 class=\"wp-block-heading has-ast-global-color-2-color has-text-color\">Tourisme<\/h3>\n\n\n\n<p><a href=\"https:\/\/www.lansenvercors.com\/\">https:\/\/www.lansenvercors.com\/<\/a><\/p>\n\n\n\n<p class=\"has-ast-global-color-3-color has-text-color\"><a href=\"https:\/\/www.parc-du-vercors.fr\/\">https:\/\/www.parc-du-vercors.fr\/<\/a><\/p>\n\n\n\n<p><a href=\"http:\/\/vercors.fr\/\" target=\"_blank\" rel=\"noreferrer noopener\">http:\/\/vercors.fr\/<\/a><\/p>\n<\/div>\n<\/div>\n\n\n\n<div class=\"wp-block-column has-ast-global-color-6-background-color has-background is-layout-flow wp-block-column-is-layout-flow\">\n<div class=\"inherit-container-width wp-block-group is-layout-constrained wp-block-group-is-layout-constrained\">\n<h3 class=\"wp-block-heading has-ast-global-color-2-color has-text-color\">Actualit\u00e9<\/h3>\n\n\n\n<p class=\"has-ast-global-color-3-color has-text-color\"><a href=\"https:\/\/www.instagram.com\/gitedelacroixvercors\/\" target=\"_blank\" rel=\"noreferrer noopener\" title=\"\">Instagram<br><\/a><br><a href=\"\/\/www.facebook.com\/gitecroixvercors\/\" target=\"_blank\" rel=\"noreferrer noopener\">Facebook<\/a><a href=\"https:\/\/www.facebook.com\/gitecroixvercors\/\" target=\"_blank\" rel=\"noreferrer noopener\">  <\/a><\/p>\n\n\n\n<p class=\"has-ast-global-color-3-color has-text-color\"><\/p>\n<\/div>\n<\/div>\n\n\n\n<div class=\"wp-block-column has-ast-global-color-6-background-color has-background is-layout-flow wp-block-column-is-layout-flow\">\n<div class=\"inherit-container-width wp-block-group is-layout-constrained wp-block-group-is-layout-constrained\">\n<h3 class=\"wp-block-heading has-ast-global-color-2-color has-text-color\">Contact<\/h3>\n\n\n\n<p class=\"has-ast-global-color-3-color has-text-color\"><a role=\"button\" href=\"#\">gite@lacroixvercors.fr<\/a><\/p>\n\n\n\n<p><a href=\"https:\/\/www.vercors-experience.com\/lans-en-vercors\/gite-de-la-croix-vercors.html\">G\u00eete de la Croix Vercors (vercors-experience.com)<\/a><\/p>\n<\/div>\n<\/div>\n<\/div>\n<\/div>\n\n\n\n<div class=\"wp-block-group is-layout-flow wp-block-group-is-layout-flow\">\n<h6 class=\"wp-block-heading has-medium-font-size\" id=\"contact\">Envoyez-nous vos demandes<\/h6>\n\n\n\n<div class=\"wp-block-columns is-layout-flex wp-container-core-columns-is-layout-28f84493 wp-block-columns-is-layout-flex\">\n<div class=\"wp-block-column is-layout-flow wp-block-column-is-layout-flow\" style=\"flex-basis:100%\"><div class=\"wpforms-container \" id=\"wpforms-4\"><form id=\"wpforms-form-4\" class=\"wpforms-validate wpforms-form\" data-formid=\"4\" method=\"post\" enctype=\"multipart\/form-data\" action=\"\/index.php?rest_route=%2Fwp%2Fv2%2Fpages%2F9\" data-token=\"8e0b833133b331e4dfc815e0c7227e80\" data-token-time=\"1776010657\"><noscript class=\"wpforms-error-noscript\">Veuillez activer JavaScript dans votre navigateur pour remplir ce formulaire.<\/noscript><div class=\"wpforms-field-container\"><div id=\"wpforms-4-field_0-container\" class=\"wpforms-field wpforms-field-name\" data-field-id=\"0\"><label class=\"wpforms-field-label\" for=\"wpforms-4-field_0\">Nom <span class=\"wpforms-required-label\">*<\/span><\/label><input type=\"text\" id=\"wpforms-4-field_0\" class=\"wpforms-field-large wpforms-field-required\" name=\"wpforms[fields][0]\" placeholder=\"Nom complet\" required><\/div><div id=\"wpforms-4-field_1-container\" class=\"wpforms-field wpforms-field-email\" data-field-id=\"1\"><label class=\"wpforms-field-label\" for=\"wpforms-4-field_1\">Email <span class=\"wpforms-required-label\">*<\/span><\/label><input type=\"email\" id=\"wpforms-4-field_1\" class=\"wpforms-field-large wpforms-field-required\" name=\"wpforms[fields][1]\" placeholder=\"Adresse mail\" spellcheck=\"false\" required><\/div><div id=\"wpforms-4-field_6-container\" class=\"wpforms-field wpforms-field-text\" data-field-id=\"6\"><label class=\"wpforms-field-label\" for=\"wpforms-4-field_6\">Objet<\/label><input type=\"text\" id=\"wpforms-4-field_6\" class=\"wpforms-field-medium\" name=\"wpforms[fields][6]\" placeholder=\"Objet\" ><\/div><div id=\"wpforms-4-field_2-container\" class=\"wpforms-field wpforms-field-textarea\" data-field-id=\"2\"><label class=\"wpforms-field-label\" for=\"wpforms-4-field_2\">Commentaire ou Message <span class=\"wpforms-required-label\">*<\/span><\/label><textarea id=\"wpforms-4-field_2\" class=\"wpforms-field-medium wpforms-field-required\" name=\"wpforms[fields][2]\" placeholder=\"Votre message\" required><\/textarea><\/div><\/div><!-- .wpforms-field-container --><div class=\"wpforms-submit-container\" ><input type=\"hidden\" name=\"wpforms[id]\" value=\"4\"><input type=\"hidden\" name=\"page_title\" value=\"\"><input type=\"hidden\" name=\"page_url\" value=\"https:\/\/lacroixvercors.fr\/index.php?rest_route=\/wp\/v2\/pages\/9\"><input type=\"hidden\" name=\"url_referer\" value=\"\"><button type=\"submit\" name=\"wpforms[submit]\" id=\"wpforms-submit-4\" class=\"wpforms-submit\" data-alt-text=\"Envoi...\" data-submit-text=\"Envoyer\" aria-live=\"assertive\" value=\"wpforms-submit\">Envoyer<\/button><\/div><\/form><\/div>  <!-- .wpforms-container -->\n<\/div>\n<\/div>\n<\/div>\n\n\n\n<div class=\"wp-block-cover alignfull is-light has-parallax\" style=\"min-height:600px;aspect-ratio:unset;\" id=\"vercors\"><div role=\"img\" aria-label=\"La plaine de Lans\" class=\"wp-block-cover__image-background wp-image-885 has-parallax\" style=\"background-position:50% 50%;background-image:url(http:\/\/lacroixvercors.fr\/wp-content\/uploads\/2022\/06\/vercors-printemps.jpg)\"><\/div><span aria-hidden=\"true\" class=\"wp-block-cover__background has-background-dim-20 has-background-dim\" style=\"background-color:#000000\"><\/span><div class=\"wp-block-cover__inner-container is-layout-flow wp-block-cover-is-layout-flow\">\n<div class=\"wp-block-columns alignwide are-vertically-aligned-center is-layout-flex wp-container-core-columns-is-layout-28f84493 wp-block-columns-is-layout-flex\">\n<div class=\"wp-block-column is-vertically-aligned-center is-layout-flow wp-block-column-is-layout-flow\"><\/div>\n\n\n\n<div class=\"wp-block-column is-vertically-aligned-center is-layout-flow wp-block-column-is-layout-flow\">\n<h4 class=\"wp-block-heading has-text-color\" style=\"color:#ffffff\">Le Vercors, en libert\u00e9<\/h4>\n\n\n\n<hr class=\"wp-block-separator has-text-color has-css-opacity has-background is-style-wide\" style=\"background-color:#ffffff;color:#ffffff\"\/>\n\n\n\n<p class=\"has-text-color\" style=\"color:#ffffff\">Pour des vacances authentiques, sillonnez Lans-en-Vercors sous toutes ses formes : \u00e0 pied ou \u00e0 v\u00e9lo pour s&rsquo;\u00e9merveiller des reliefs, en ski de fond pour se ressourcer et prendre une grande bouff\u00e9e d&rsquo;air frais&#8230; Lans-en-Vercors est le point de chute id\u00e9al pour visiter le Vercors, porte d&rsquo;entr\u00e9e du Parc Naturel R\u00e9gional. Le village est central par rapport aux nombreuses visites et activit\u00e9s qu&rsquo;offre notre destination de moyenne montagne. Vous pourrez donc fl\u00e2ner \u00e0 travers les mus\u00e9es des alentours ou encore partir \u00e0 la rencontre des producteurs et artisans pour une d\u00e9couverte des sp\u00e9cialit\u00e9s r\u00e9gionales, produits du terroir et objets issus de l&rsquo;artisanat 100% \u00ab made in Vercors \u00bb.<\/p>\n\n\n\n<div class=\"wp-block-buttons is-layout-flex wp-block-buttons-is-layout-flex\">\n<div class=\"wp-block-button\"><a class=\"wp-block-button__link has-ast-global-color-0-color has-ast-global-color-8-background-color has-text-color has-background wp-element-button\" href=\"\" style=\"border-radius:100px\" target=\"_blank\" rel=\"noreferrer noopener\">Pour en savoir plus<\/a><\/div>\n<\/div>\n<\/div>\n<\/div>\n<\/div><\/div>\n","protected":false},"excerpt":{"rendered":"<p>Situ\u00e9 dans le Parc Naturel du Vercors, le g\u00eete de la Croix-Vercors vous accueille tout au long de l&rsquo;ann\u00e9e. La galerie Le Vercors des 4 saisons Liens utiles Tourisme https:\/\/www.lansenvercors.com\/ https:\/\/www.parc-du-vercors.fr\/ http:\/\/vercors.fr\/ Actualit\u00e9 InstagramFacebook Contact gite@lacroixvercors.fr G\u00eete de la Croix Vercors (vercors-experience.com) Envoyez-nous vos demandes<\/p>\n","protected":false},"author":1,"featured_media":890,"parent":0,"menu_order":0,"comment_status":"closed","ping_status":"closed","template":"elementor_theme","meta":{"om_disable_all_campaigns":false,"_monsterinsights_skip_tracking":false,"_monsterinsights_sitenote_active":false,"_monsterinsights_sitenote_note":"","_monsterinsights_sitenote_category":0,"site-sidebar-layout":"no-sidebar","site-content-layout":"page-builder","ast-site-content-layout":"full-width-container","site-content-style":"unboxed","site-sidebar-style":"unboxed","ast-global-header-display":"","ast-banner-title-visibility":"","ast-main-header-display":"","ast-hfb-above-header-display":"","ast-hfb-below-header-display":"","ast-hfb-mobile-header-display":"","site-post-title":"disabled","ast-breadcrumbs-content":"","ast-featured-img":"disabled","footer-sml-layout":"","theme-transparent-header-meta":"enabled","adv-header-id-meta":"","stick-header-meta":"","header-above-stick-meta":"","header-main-stick-meta":"","header-below-stick-meta":"","astra-migrate-meta-layouts":"set","ast-page-background-enabled":"default","ast-page-background-meta":{"desktop":{"background-color":"","background-image":"","background-repeat":"repeat","background-position":"center center","background-size":"auto","background-attachment":"scroll","background-type":"","background-media":"","overlay-type":"","overlay-color":"","overlay-gradient":""},"tablet":{"background-color":"","background-image":"","background-repeat":"repeat","background-position":"center center","background-size":"auto","background-attachment":"scroll","background-type":"","background-media":"","overlay-type":"","overlay-color":"","overlay-gradient":""},"mobile":{"background-color":"","background-image":"","background-repeat":"repeat","background-position":"center center","background-size":"auto","background-attachment":"scroll","background-type":"","background-media":"","overlay-type":"","overlay-color":"","overlay-gradient":""}},"ast-content-background-meta":{"desktop":{"background-color":"var(--ast-global-color-5)","background-image":"","background-repeat":"repeat","background-position":"center center","background-size":"auto","background-attachment":"scroll","background-type":"","background-media":"","overlay-type":"","overlay-color":"","overlay-gradient":""},"tablet":{"background-color":"var(--ast-global-color-5)","background-image":"","background-repeat":"repeat","background-position":"center center","background-size":"auto","background-attachment":"scroll","background-type":"","background-media":"","overlay-type":"","overlay-color":"","overlay-gradient":""},"mobile":{"background-color":"var(--ast-global-color-5)","background-image":"","background-repeat":"repeat","background-position":"center center","background-size":"auto","background-attachment":"scroll","background-type":"","background-media":"","overlay-type":"","overlay-color":"","overlay-gradient":""}},"footnotes":""},"class_list":["post-9","page","type-page","status-publish","has-post-thumbnail","hentry"],"aioseo_notices":[],"_links":{"self":[{"href":"https:\/\/lacroixvercors.fr\/index.php?rest_route=\/wp\/v2\/pages\/9","targetHints":{"allow":["GET"]}}],"collection":[{"href":"https:\/\/lacroixvercors.fr\/index.php?rest_route=\/wp\/v2\/pages"}],"about":[{"href":"https:\/\/lacroixvercors.fr\/index.php?rest_route=\/wp\/v2\/types\/page"}],"author":[{"embeddable":true,"href":"https:\/\/lacroixvercors.fr\/index.php?rest_route=\/wp\/v2\/users\/1"}],"replies":[{"embeddable":true,"href":"https:\/\/lacroixvercors.fr\/index.php?rest_route=%2Fwp%2Fv2%2Fcomments&post=9"}],"version-history":[{"count":44,"href":"https:\/\/lacroixvercors.fr\/index.php?rest_route=\/wp\/v2\/pages\/9\/revisions"}],"predecessor-version":[{"id":975,"href":"https:\/\/lacroixvercors.fr\/index.php?rest_route=\/wp\/v2\/pages\/9\/revisions\/975"}],"wp:featuredmedia":[{"embeddable":true,"href":"https:\/\/lacroixvercors.fr\/index.php?rest_route=\/wp\/v2\/media\/890"}],"wp:attachment":[{"href":"https:\/\/lacroixvercors.fr\/index.php?rest_route=%2Fwp%2Fv2%2Fmedia&parent=9"}],"curies":[{"name":"wp","href":"https:\/\/api.w.org\/{rel}","templated":true}]}}